{"id":2,"date":"2022-04-08T16:24:09","date_gmt":"2022-04-08T16:24:09","guid":{"rendered":"http:\/\/giubiasco.korperformen.ch\/?page_id=2"},"modified":"2022-04-11T10:57:23","modified_gmt":"2022-04-11T10:57:23","slug":"sample-page","status":"publish","type":"page","link":"https:\/\/giubiasco.korperformen.ch\/","title":{"rendered":"EMS Training da K\u00f6rperformen"},"content":{"rendered":"\n<p class=\"has-text-color\" style=\"color:#00d102\">Con pi\u00f9 di 250 centri presenti in Europa il marchio K\u00f6rperformen offre il concetto di EMS training in modo molto professionale. Da noi ogni seduta \u00e8 seguita per tutta la durata da un personal trainer qualificato. Il percorso \u00e8 personalizzato e la sessione \u00e8 individuale o in coppia. Ambiente accogliente e privacy garantita. Tutto viene mantenuto in costante pulizia e viene sanificato.<\/p>\n\n\n\n<p>As a new WordPress user, you should go to <a href=\"https:\/\/giubiasco.korperformen.ch\/wp-admin\/\">your dashboard<\/a> to delete this page and create new pages for your content. Have fun!<\/p>\n","protected":false},"excerpt":{"rendered":"<p>Con pi\u00f9 di 250 centri presenti in Europa il marchio K\u00f6rperformen offre il concetto di EMS training in modo molto professionale. Da noi ogni seduta \u00e8 seguita per tutta la durata da un personal trainer qualificato. Il percorso \u00e8 personalizzato e la sessione \u00e8 individuale o in coppia. Ambiente accogliente e privacy garantita. Tutto viene [&hellip;]<\/p>\n","protected":false},"author":1,"featured_media":0,"parent":0,"menu_order":0,"comment_status":"closed","ping_status":"closed","template":"","meta":[],"_links":{"self":[{"href":"https:\/\/giubiasco.korperformen.ch\/index.php\/wp-json\/wp\/v2\/pages\/2"}],"collection":[{"href":"https:\/\/giubiasco.korperformen.ch\/index.php\/wp-json\/wp\/v2\/pages"}],"about":[{"href":"https:\/\/giubiasco.korperformen.ch\/index.php\/wp-json\/wp\/v2\/types\/page"}],"author":[{"embeddable":true,"href":"https:\/\/giubiasco.korperformen.ch\/index.php\/wp-json\/wp\/v2\/users\/1"}],"replies":[{"embeddable":true,"href":"https:\/\/giubiasco.korperformen.ch\/index.php\/wp-json\/wp\/v2\/comments?post=2"}],"version-history":[{"count":3,"href":"https:\/\/giubiasco.korperformen.ch\/index.php\/wp-json\/wp\/v2\/pages\/2\/revisions"}],"predecessor-version":[{"id":36,"href":"https:\/\/giubiasco.korperformen.ch\/index.php\/wp-json\/wp\/v2\/pages\/2\/revisions\/36"}],"wp:attachment":[{"href":"https:\/\/giubiasco.korperformen.ch\/index.php\/wp-json\/wp\/v2\/media?parent=2"}],"curies":[{"name":"wp","href":"https:\/\/api.w.org\/{rel}","templated":true}]}}